{"id":22,"date":"2011-07-26T21:15:44","date_gmt":"2011-07-27T00:15:44","guid":{"rendered":"http:\/\/www.vivalusa.com.br\/?page_id=22"},"modified":"2011-07-26T21:28:33","modified_gmt":"2011-07-27T00:28:33","slug":"principais-objetivos","status":"publish","type":"page","link":"http:\/\/vivalusa.com.br\/index.php\/principais-objetivos\/","title":{"rendered":"Principais Objetivos"},"content":{"rendered":"<ul>\n<li>Criar canais de oportunidades de neg\u00f3cios m\u00fatuos entre empresas.<\/li>\n<li>Gerir e desenvolver redes e facilidades de neg\u00f3cios.<\/li>\n<li>Elevar o nome de Portugal potencializando assim Empresas e Empres\u00e1rios Portugueses e Luso-descendentes.<\/li>\n<li>Instrumento de refor\u00e7o da import\u00e2ncia Social, Cultural e Econ\u00f4mica das comunidades Portuguesas nas sociedades de acolhimento.<\/li>\n<li>Administrar os Fundos eventualmente existentes destinados ao desenvolvimento de a\u00e7\u00f5es previstas nas suas atribui\u00e7\u00f5es.<\/li>\n<li>Potencializar entidades ou pessoas, singulares ou coletivas, nacionais ou estrangeiras que apresentem interesse relevante para o desenvolvimento dos empres\u00e1rios Portugueses e que com estes tenham relativamente neg\u00f3cios.<\/li>\n<\/ul>\n<p style=\"text-align: center;\"><a href=\"http:\/\/www.vivalusa.com.br\/wp-content\/uploads\/2011\/07\/diaspora-2011.jpg\"><\/a><a href=\"http:\/\/www.vivalusa.com.br\/wp-content\/uploads\/2011\/07\/diaspora-2011.jpg\"><img loading=\"lazy\" decoding=\"async\" class=\"aligncenter size-full wp-image-30\" title=\"diaspora-2011\" src=\"http:\/\/www.vivalusa.com.br\/wp-content\/uploads\/2011\/07\/diaspora-2011.jpg\" alt=\"\" width=\"507\" height=\"338\" \/><\/a><\/p>\n","protected":false},"excerpt":{"rendered":"<p>Criar canais de oportunidades de neg\u00f3cios m\u00fatuos entre empresas. Gerir e desenvolver redes e facilidades de neg\u00f3cios. Elevar o nome de Portugal potencializando assim Empresas e Empres\u00e1rios Portugueses e Luso-descendentes. Instrumento de refor\u00e7o da import\u00e2ncia Social, Cultural e Econ\u00f4mica das<\/p>\n","protected":false},"author":1,"featured_media":0,"parent":0,"menu_order":0,"comment_status":"open","ping_status":"open","template":"","meta":{"footnotes":""},"class_list":["post-22","page","type-page","status-publish","hentry"],"_links":{"self":[{"href":"http:\/\/vivalusa.com.br\/index.php\/wp-json\/wp\/v2\/pages\/22","targetHints":{"allow":["GET"]}}],"collection":[{"href":"http:\/\/vivalusa.com.br\/index.php\/wp-json\/wp\/v2\/pages"}],"about":[{"href":"http:\/\/vivalusa.com.br\/index.php\/wp-json\/wp\/v2\/types\/page"}],"author":[{"embeddable":true,"href":"http:\/\/vivalusa.com.br\/index.php\/wp-json\/wp\/v2\/users\/1"}],"replies":[{"embeddable":true,"href":"http:\/\/vivalusa.com.br\/index.php\/wp-json\/wp\/v2\/comments?post=22"}],"version-history":[{"count":5,"href":"http:\/\/vivalusa.com.br\/index.php\/wp-json\/wp\/v2\/pages\/22\/revisions"}],"predecessor-version":[{"id":32,"href":"http:\/\/vivalusa.com.br\/index.php\/wp-json\/wp\/v2\/pages\/22\/revisions\/32"}],"wp:attachment":[{"href":"http:\/\/vivalusa.com.br\/index.php\/wp-json\/wp\/v2\/media?parent=22"}],"curies":[{"name":"wp","href":"https:\/\/api.w.org\/{rel}","templated":true}]}}